{"id":189,"date":"2021-06-18T11:15:16","date_gmt":"2021-06-18T09:15:16","guid":{"rendered":"http:\/\/www.irnofestival.it\/XXIII\/?page_id=189"},"modified":"2021-06-21T13:31:00","modified_gmt":"2021-06-21T11:31:00","slug":"mercoledi-8-settembre-2021","status":"publish","type":"page","link":"http:\/\/www.irnofestival.it\/XXIII\/mercoledi-8-settembre-2021\/","title":{"rendered":"08 settembre 2021"},"content":{"rendered":"<p>[vc_row][vc_column][vc_column_text]<\/p>\n<h3 class=\"p1\" style=\"text-align: center;\">5 Strings<\/h3>\n<h4 class=\"p1\" style=\"text-align: center;\">Mercoled\u00ec 08 settembre 2021<br \/>\nDuomo di Salerno \/ ore 21.00<\/h4>\n<h4 class=\"p1\" style=\"text-align: center;\">Violino I Gabriele Schiavi<br \/>\nViolino II Monica Bertuzzi<br \/>\nViola Marcello Schiavi<br \/>\nViolonbasso Vieri Giovenzana<br \/>\nContrabbasso Claudio Schiavi<\/h4>\n<p style=\"text-align: center;\"><strong>Programma<br \/>\n<\/strong><\/p>\n<p style=\"text-align: center;\">A. Vivaldi &#8211; Concerto in Re magg<br \/>\nR. Fuchs &#8211; Sonata op.97<br \/>\nG. Ligeti &#8211; 6 Bagatelle<br \/>\nA. P\u00e4rt &#8211; Fratres<\/p>\n<p class=\"p1\" style=\"text-align: center;\"><strong>BIGLIETTI<\/strong><br \/>\n<strong>biglietto singolo \u20ac 15,00 + prevendita<br \/>\nabbonamento a tutti gli spettacoli \u20ac 100,00 &#8211; prev. esclusa<\/strong><br \/>\n<a href=\"https:\/\/bit.ly\/3hJuB17\"><strong>postoriservato.it<\/strong><\/a><\/p>\n<p>[\/vc_column_text][\/vc_column][\/vc_row][vc_row margin_top=&#8221;80px&#8221; margin_bottom=&#8221;80px&#8221; css=&#8221;.vc_custom_1563279048769{margin-bottom: 60px !important;}&#8221;][vc_column]<div class=\"dt-fancy-separator title-left\" style=\"width: 100%;\"><div class=\"dt-fancy-title\"><span class=\"separator-holder separator-left\"><\/span>Curriculum artisti<span class=\"separator-holder separator-right\"><\/span><\/div><\/div>[\/vc_column][\/vc_row][vc_row type=&#8221;vc_default&#8221; full_width=&#8221;stretch_row&#8221; gap=&#8221;35&#8243;][vc_column width=&#8221;1\/4&#8243;]<style type=\"text\/css\" data-type=\"the7_shortcodes-inline-css\">.shortcode-single-image-wrap.shortcode-single-image-9b0f875f7b420f1b8406e7854ee30372.enable-bg-rollover .rollover i,\n.shortcode-single-image-wrap.shortcode-single-image-9b0f875f7b420f1b8406e7854ee30372.enable-bg-rollover .rollover-video i {\n  background: ;\n  background: -webkit-linear-gradient();\n  background: linear-gradient();\n}\n.shortcode-single-image-wrap.shortcode-single-image-9b0f875f7b420f1b8406e7854ee30372 .rollover-icon {\n  font-size: 32px;\n  color: #ffffff;\n  min-width: 44px;\n  min-height: 44px;\n  line-height: 44px;\n  border-radius: 100px;\n  border-style: solid;\n  border-width: 0px;\n}\n.dt-icon-bg-on.shortcode-single-image-wrap.shortcode-single-image-9b0f875f7b420f1b8406e7854ee30372 .rollover-icon {\n  background: rgba(255,255,255,0.3);\n  -webkit-box-shadow: none;\n  box-shadow: none;\n}\n<\/style><div class=\"shortcode-single-image-wrap shortcode-single-image-9b0f875f7b420f1b8406e7854ee30372 alignnone  enable-bg-rollover dt-icon-bg-off\" style=\"margin-top:0px; margin-bottom:0px; margin-left:0px; margin-right:0px; width:350px;\"><div class=\"shortcode-single-image\"><div class=\"fancy-media-wrap  layzr-bg\" style=\"\"><img loading=\"lazy\" decoding=\"async\" class=\"preload-me lazy-load\" src=\"data:image\/svg+xml,%3Csvg%20xmlns%3D&#39;http%3A%2F%2Fwww.w3.org%2F2000%2Fsvg&#39;%20viewBox%3D&#39;0%200%20350%20350&#39;%2F%3E\" data-src=\"http:\/\/www.irnofestival.it\/XXIII\/wp-content\/uploads\/2021\/06\/irnofestival-XXIII-curriculum-12-350x350.png\" data-srcset=\"http:\/\/www.irnofestival.it\/XXIII\/wp-content\/uploads\/2021\/06\/irnofestival-XXIII-curriculum-12-350x350.png 350w, http:\/\/www.irnofestival.it\/XXIII\/wp-content\/uploads\/2021\/06\/irnofestival-XXIII-curriculum-12.png 440w\" width=\"350\" height=\"350\"  data-dt-location=\"http:\/\/www.irnofestival.it\/XXIII\/mercoledi-8-settembre-2021\/irnofestival-xxiii-curriculum-12\/\" style=\"\" alt=\"irnofestival 5 strings\" \/><\/div><\/div><\/div>[\/vc_column][vc_column width=&#8221;3\/4&#8243;][vc_column_text]<\/p>\n<h3>5 Strings<\/h3>\n<p><strong>Violino I Gabriele Schiavi<\/strong><br \/>\n<strong>Violino II Monica Bertuzzi<\/strong><br \/>\n<strong>Viola Marcello Schiavi<\/strong><br \/>\n<strong>Violonbasso Vieri Giovenzana<\/strong><br \/>\n<strong>Contrabbasso Claudio Schiavi<\/strong><\/p>\n<p>5 Strings \u00e8 un quintetto d\u00b4archi di recente fondazione composto da musicisti di formazione classica, diplomati in Conservatorio, che dopo anni di esperienze concertistiche con importanti orchestre europee (Staatskapelle Dresden, Orchestra Filarmonica della Scala, Maggio Musicale Fiorentino, Arena di Verona) in rinomate sale da concerto internazionali (Carnegie Hall, Berliner Philharmonie, Wiener Musikverein, Th\u00e9\u00e2tre des Champs-\u00c9lys\u00e9es, Teatro alla Scala, ecc.) decidono di unirsi in un nuovo progetto per approfondire e diffondere il repertorio musicale dal Rinascimento ai giorni nostri con una particolare attenzione alle contaminazioni di stili e attraverso anche la realizzazione di arrangiamenti di brani per un inconsueto organico da camera formato da due violini, una viola e due contrabbassi.[\/vc_column_text][\/vc_column][\/vc_row]<\/p>\n","protected":false},"excerpt":{"rendered":"<p>[vc_row][vc_column][vc_column_text] 5 Strings Mercoled\u00ec 08 settembre 2021 Duomo di Salerno \/ ore 21.00 Violino I Gabriele Schiavi Violino II Monica Bertuzzi Viola Marcello Schiavi Violonbasso Vieri Giovenzana Contrabbasso Claudio Schiavi Programma A. Vivaldi &#8211; Concerto in Re magg R. Fuchs &#8211; Sonata op.97 G. Ligeti &#8211; 6 Bagatelle A. P\u00e4rt &#8211; Fratres BIGLIETTI biglietto singolo&hellip;<\/p>\n","protected":false},"author":1,"featured_media":0,"parent":0,"menu_order":0,"comment_status":"closed","ping_status":"closed","template":"","meta":[],"class_list":["post-189","page","type-page","status-publish","hentry","description-off"],"_links":{"self":[{"href":"http:\/\/www.irnofestival.it\/XXIII\/wp-json\/wp\/v2\/pages\/189","targetHints":{"allow":["GET"]}}],"collection":[{"href":"http:\/\/www.irnofestival.it\/XXIII\/wp-json\/wp\/v2\/pages"}],"about":[{"href":"http:\/\/www.irnofestival.it\/XXIII\/wp-json\/wp\/v2\/types\/page"}],"author":[{"embeddable":true,"href":"http:\/\/www.irnofestival.it\/XXIII\/wp-json\/wp\/v2\/users\/1"}],"replies":[{"embeddable":true,"href":"http:\/\/www.irnofestival.it\/XXIII\/wp-json\/wp\/v2\/comments?post=189"}],"version-history":[{"count":4,"href":"http:\/\/www.irnofestival.it\/XXIII\/wp-json\/wp\/v2\/pages\/189\/revisions"}],"predecessor-version":[{"id":265,"href":"http:\/\/www.irnofestival.it\/XXIII\/wp-json\/wp\/v2\/pages\/189\/revisions\/265"}],"wp:attachment":[{"href":"http:\/\/www.irnofestival.it\/XXIII\/wp-json\/wp\/v2\/media?parent=189"}],"curies":[{"name":"wp","href":"https:\/\/api.w.org\/{rel}","templated":true}]}}