{"id":171,"date":"2021-06-17T14:10:05","date_gmt":"2021-06-17T12:10:05","guid":{"rendered":"http:\/\/www.irnofestival.it\/XXIII\/?page_id=171"},"modified":"2021-06-21T13:27:17","modified_gmt":"2021-06-21T11:27:17","slug":"01-settembre-2021","status":"publish","type":"page","link":"http:\/\/www.irnofestival.it\/XXIII\/01-settembre-2021\/","title":{"rendered":"01 settembre 2021"},"content":{"rendered":"<p>[vc_row type=&#8221;vc_default&#8221; full_width=&#8221;stretch_row&#8221; gap=&#8221;35&#8243; css=&#8221;.vc_custom_1563279037468{padding-top: 80px !important;padding-bottom: 80px !important;background-color: #f6f6f6 !important;}&#8221;][vc_column offset=&#8221;vc_col-lg-offset-1 vc_col-lg-10 vc_col-md-offset-1 vc_col-md-10 vc_col-xs-12&#8243;][vc_column_text]<\/p>\n<h3 class=\"p1\" style=\"text-align: center;\">Terzetto Printemps<br \/>\n&#8220;Un, due, tre&#8230; Rossini!!!&#8221;<\/h3>\n<h4 class=\"p1\" style=\"text-align: center;\">Mercoled\u00ec 01 settembre 2021<br \/>\nDuomo di Salerno \/ ore 21.00<\/h4>\n<h4 class=\"p1\" style=\"text-align: center;\">Paola Cacciatori \/ mezzosoprano<br \/>\nAllan Rizzetti \/ baritono<br \/>\nFabio Silvestro \/ pianoforte<\/h4>\n<p style=\"text-align: center;\"><strong>Programma<br \/>\n<\/strong><\/p>\n<p style=\"text-align: center;\"><strong>L\u2019italiana in Algeri (1813)<\/strong><br \/>\nOuverture (solo piano)<br \/>\n\u201cCruda sorte\u201d (mezzosoprano)<br \/>\n\u201cHo un gran peso sulla testa\u201d (baritono)<br \/>\n\u201cAi capricci della sorte\u201d (duetto)<\/p>\n<p style=\"text-align: center;\"><strong>Dai P\u00e9ch\u00e9s de vieillesse (1857 \u2013 1868)\u2028<\/strong><br \/>\nPetit Caprice (Style Offenbach) Vol. X \u201cMiscellan\u00e9e nr. 6 (solo piano)<br \/>\nL\u2019amour \u00e0 Pekin (Petite Melodie sur la Gamme Chinoise) (mezzosoprano)\u2028 Vol. II \u201cAlbum fran\u00e7ais\u201d nr. 5 \u2013 testo di Emilien Pacini (1811-1898)<br \/>\nAdieu \u00e0 la vie (Elegie sur une seule note) (baritono)\u2028 dai P\u00e9ch\u00e9s de vieillesse (1857 &#8211; 1868)<br \/>\nDa Les soir\u00e9es musicales (1835)\u2028 \u201cLa Danza\u201d \u2013 testo di Carlo Pepoli (1796 &#8211; 1881) (duetto)<br \/>\n<strong><br \/>\nIl Barbiere di Siviglia (1816)<\/strong><br \/>\nOuverture (solo piano)<br \/>\n\u201cLargo al factotum\u201d cavatina di Figaro (baritono)<br \/>\n\u201cUna voce poco fa\u201d cavatina di Rosina (mezzosoprano)<br \/>\n\u201cDunque io son\u201d (duetto)<\/p>\n<p class=\"p1\" style=\"text-align: center;\"><strong>BIGLIETTI<\/strong><br \/>\n<strong>biglietto singolo \u20ac 15,00 + prevendita<br \/>\nabbonamento a tutti gli spettacoli \u20ac 100,00 &#8211; prev. esclusa<\/strong><br \/>\n<a href=\"https:\/\/bit.ly\/3hJuB17\"><strong>postoriservato.it<\/strong><\/a><\/p>\n<p>[\/vc_column_text][\/vc_column][\/vc_row][vc_row margin_top=&#8221;80px&#8221; margin_bottom=&#8221;80px&#8221; css=&#8221;.vc_custom_1563279048769{margin-bottom: 60px !important;}&#8221;][vc_column]<div class=\"dt-fancy-separator title-left\" style=\"width: 100%;\"><div class=\"dt-fancy-title\"><span class=\"separator-holder separator-left\"><\/span>Curriculum artisti<span class=\"separator-holder separator-right\"><\/span><\/div><\/div>[\/vc_column][\/vc_row][vc_row type=&#8221;vc_default&#8221; full_width=&#8221;stretch_row&#8221; gap=&#8221;35&#8243;][vc_column width=&#8221;1\/4&#8243;]<style type=\"text\/css\" data-type=\"the7_shortcodes-inline-css\">.shortcode-single-image-wrap.shortcode-single-image-d05cb0270125c08d9f953c6a2f3101e4.enable-bg-rollover .rollover i,\n.shortcode-single-image-wrap.shortcode-single-image-d05cb0270125c08d9f953c6a2f3101e4.enable-bg-rollover .rollover-video i {\n  background: ;\n  background: -webkit-linear-gradient();\n  background: linear-gradient();\n}\n.shortcode-single-image-wrap.shortcode-single-image-d05cb0270125c08d9f953c6a2f3101e4 .rollover-icon {\n  font-size: 32px;\n  color: #ffffff;\n  min-width: 44px;\n  min-height: 44px;\n  line-height: 44px;\n  border-radius: 100px;\n  border-style: solid;\n  border-width: 0px;\n}\n.dt-icon-bg-on.shortcode-single-image-wrap.shortcode-single-image-d05cb0270125c08d9f953c6a2f3101e4 .rollover-icon {\n  background: rgba(255,255,255,0.3);\n  -webkit-box-shadow: none;\n  box-shadow: none;\n}\n<\/style><div class=\"shortcode-single-image-wrap shortcode-single-image-d05cb0270125c08d9f953c6a2f3101e4 alignnone  enable-bg-rollover dt-icon-bg-off\" style=\"margin-top:0px; margin-bottom:0px; margin-left:0px; margin-right:0px; width:350px;\"><div class=\"shortcode-single-image\"><div class=\"fancy-media-wrap  layzr-bg\" style=\"\"><img loading=\"lazy\" decoding=\"async\" class=\"preload-me lazy-load\" src=\"data:image\/svg+xml,%3Csvg%20xmlns%3D&#39;http%3A%2F%2Fwww.w3.org%2F2000%2Fsvg&#39;%20viewBox%3D&#39;0%200%20350%20350&#39;%2F%3E\" data-src=\"http:\/\/www.irnofestival.it\/XXIII\/wp-content\/uploads\/2021\/06\/irnofestival-XXIII-curriculum-11-350x350.png\" data-srcset=\"http:\/\/www.irnofestival.it\/XXIII\/wp-content\/uploads\/2021\/06\/irnofestival-XXIII-curriculum-11-350x350.png 350w, http:\/\/www.irnofestival.it\/XXIII\/wp-content\/uploads\/2021\/06\/irnofestival-XXIII-curriculum-11.png 440w\" width=\"350\" height=\"350\"  data-dt-location=\"http:\/\/www.irnofestival.it\/XXIII\/01-settembre-2021\/irnofestival-xxiii-curriculum-11\/\" style=\"\" alt=\"irnofestival terzetto printemps\" \/><\/div><\/div><\/div>[\/vc_column][vc_column width=&#8221;3\/4&#8243;][vc_column_text]<\/p>\n<h3>Terzetto Printemps<\/h3>\n<p><strong>Paola Cacciatori \/ mezzosoprano<\/strong><br \/>\n<strong>Allan Rizzetti \/ baritono<\/strong><br \/>\n<strong>Fabio Silvestro \/ pianoforte<\/strong><\/p>\n<p>\u201cAffiatati, divertenti e intelligenti i componenti del \u201cTerzetto Printemps\u201d (Daniela Zacconi \u2013 Vivimilano, Corriere della Sera).<br \/>\nIl Terzetto Printemps, formatosi nel 2013, nasce dall\u2019incontro di talenti italiani accomunati dalla passione per la musica e dalla dedizione allo studio.<br \/>\nI suoi componenti hanno maturato una vasta esperienza personale e si sono prodotti in opere e concerti in Italia, Francia, Spagna, Germani, Austria, Belgio, Paesi Bassi, Turchia, Canada, Brasile, Medio Oriente e U.S.A. perfezionandosi con importanti maestri di tecnica e di interpretazione quali Leyla Gencer, Rockwell Blake, Teresa Berganza, Giuseppe Taddei, Stefano Cucci, Leslie Howard, Bruno Canino e altri.<br \/>\nIl repertorio del Terzetto Printemps spazia da Cimarosa a Verdi, da Rossini a Leh\u00e0r, da Vivaldi a Negri, cantando in cinque lingue (inglese, francese, tedesco spagnolo e greco).<br \/>\nIl Terzetto Printemps \u00e8 regolarmente invitato a concerti e a progetti di varia natura: Gala di rappresentanza presso Ambasciate italiane all\u2019estero, Serate di Beneficenza, lezioni\/concerto per le scuole, opere liriche, etc. Ha partecipato a diverse produzioni di opera: L\u2019amico Fritz di Mascagni con il patrocinio dell\u2019Associazione Maestro Pietro Mascagni, La Cenerentola e L\u2019Italiana in Algeri in diverse produzioni in Italia.<br \/>\nNell\u2019ambito delle celebrazioni mascagnane hanno cantato nell\u2019opera Cavalleria Rusticana a Lavagna e al Teatro Dal Verme di Milano, affiancando il soprano Giovanna Casolla e il tenore Piero Giuliacci, cui ha fatto seguito la pubblicazione un cd live in edizione limitata. Per le celebrazioni nel 2016 dei duecento anni dell\u2019opera \u201cIl Barbiere di Siviglia\u201d hanno interpretato l\u2019opera rossiniana in diversi teatri della Toscana e del Piemonte.<br \/>\nTra i prestigiosi impegni del Terzetto Printemps, figurano diverse serate al Teatro Nuovo di Milano, al Museo Napoleonico di Roma e al Museo Glauco Lombardi di Parma, a Villa d\u2019Este a Moltrasio, presso la Biblioteca Angelica di Roma, al Teatro degli Arrischianti di Sarteano (SI), al Teatro Comunale di Pontevico (BS), al Teatro della Concordia di Montecastello di di Vibio (PG) e altri, con i programmi \u201cBarocchissimo\u201d \u201cOperetta mon amour\u201d \u201cTre maestri del Belcanto\u201d \u201cNon ti scordar di me\u201d.<br \/>\nDi grande prestigio \u00e8 stato il Gala per i 140 anni del Mandarin Oriental e inaugurazione della Settimana Italiana a Bangkok.<br \/>\nIn occasione del 45\u00b0 anniversario dei legami diplomatici bilaterali tra Vietnam e Italia, hanno interpretato l\u2019opera \u201cIl Barbiere di Siviglia\u201d di Rossini presso il Teatro dell\u2019Opera di Hanoi.<br \/>\nNel settembre 2017 sono stati insigniti della Medaglia di Secondo Grado con spade a titolo Benemeriti per meriti Artistici del Sovrano Militare Ordine di Malta (S.M.O.M.) e Sovrano Militare Ordine di San Giovanni di Gerusalemme di Rodi.<\/p>\n<h3>Un, due, tre&#8230;Rossini!<\/h3>\n<p>Il titolo sintetizza la struttura del concerto stesso, che coinvolge tre artisti : il Terzetto Printemps costituito dal mezzosoprano Paola Cacciatori, dal baritono Allan Rizzetti e dal pianista Fabio Silvestro: ma \u00e8 anche articolato in tre parti : due dedicate ciascuna a L\u2019Italiana in Algeri e a Il Barbiere di Siviglia (fra le sue opere in assoluto pi\u00f9 famose) e la terza a alcuni brani forse meno celebri ma non meno interessanti e poi ancora ciascuno dei tre artisti si produce in tre brani solistici : tre per pianoforte solo, tre per mezzosoprano e tre per baritono e infine tutti insieme in tre duetti. In definitiva in questo concerto il numero tre si ripresenta di continuo.<br \/>\nLe opere trattate sono tutte del genere comico, sebbene in definitiva egli abbia composto pi\u00f9 opere serie che comiche. Inoltre, il Barbiere \u00e8 considerato il suo capolavoro assoluto: senza nulla togliere comunque a capolavori seri come \u201cSemiramide\u201d e soprattutto \u201cGuglielmo Tell\u201d, veri capisaldi dell\u2019opera idi tutti i tempi.<br \/>\nAprono le selezioni di arie delle due opere le relative Ouverture nella riduzione pianistica, molto in uso nell\u2019Ottocento quando per la musica in casa non esistevano i mezzi di riproduzione dell\u2019originale orchestrale. Per l\u2019Italiana c\u2019\u00e8 poi l\u2019aria del primo atto \u201cCruda sorte\u201d, in cui la protagonista, l\u2019italiana Isabella, si lagna della sorte avversa che l\u2019ha fatta cadere nelle mani dei corsari mentre ella era in viaggio, accompagnata dallo spasimante Taddeo, alla ricerca del suo amato Lindoro. Questo era scomparso, rapito a sua volta e divenuto schiavo di Mustafa, quel bey di Algeri cui i pirati ora vogliono vendere Isabella: ella si lamenta, ma gi\u00e0 si propone di cavarsela con coraggio, usando tutti gli espedienti della seduzione femminile.<br \/>\nSegue l\u2019aria di Taddeo dal secondo atto, quando Mustaf\u00e0, che lo crede zio di Isabella, lo nomina Gran Kaimakan, cio\u00e8 suo luogotenente affinch\u00e9 egli lo aiuti a farsi amare dalla \u201cnipote\u201d. \u201cHo un gran peso sulla testa\u201d lamenta Taddeo, costretto a dover scegliere tra reggere il moccolo a Mustaf\u00e0 e Isabella o una possibile \u201cimpalatura\u201d, supplizio a cui viene spesso minacciato in quest\u2019opera. Si torna infine al primo atto con il duetto \u201cAi capricci della sorte\u201d in cui Isabella controbatte alle gelosie di Taddeo, che le rinfaccia di essere partita alla ricerca di quell\u2019altro suo innamorato, Lindoro, e neanche si preoccupa pi\u00f9 di tanto di dover finire nel serraglio di Mustaf\u00e0.<br \/>\nTra le \u201cperle\u201d meno note non andrebbe forse messa \u201cLa Danza\u201d che \u00e8 abbastanza conosciuta come \u201cLa tarantella di Rossini\u201d, mentre poco conosciuti sono i deliziosi \u201cPetit Caprice\u201d alla maniera di Offenbach (c\u2019\u00e8 dentro il ritmo del can-can) anche se \u00e8 abbastanza noto nella rielaborazione con l\u2019orchestra che ne fa Respighi per il suo balletto \u201cLa Boutique fantasque\u201d: L\u2019amour \u00e0 Pekin, come indica il sottotitolo, \u00e8 una melodia impostata sulla scala orientale pentatonica mentre la particolarit\u00e0 di \u201cAdieu \u00e0 la vie\u201d \u00e8 che viene cantato su una sola nota.<br \/>\nPer Barbiere, dopo l\u2019Ouverture, le tre arie sono in ordine cronologico e tutte nel primo atto : comincia Figaro con \u201cLargo il factotum\u201d, la cavatina con cui si presenta subito spavaldo dominatore della scena: pi\u00f9 avanti, in \u201cUna voce poco fa\u201d \u00e8 Rosina che nella sua stanza ripensa al giovane Lindoro, per il quale si \u00e8 spacciato poco prima il Conte d\u2019Almaviva e si dichiara innamorata e pronta a tutto per realizzare i propri desideri : pi\u00f9 avanti ancora, nel duetto \u201cDunque io son\u201d, Figaro \u00e8 con lei a cercare con l\u2019astuzia di favorirne l\u2019incontro con il Conte, ma deve rendersi conto che Rosina \u00e8 gi\u00e0 finanche pi\u00f9 scaltra di lui, tanto da dover esclamare \u201cDonne, donne, eterni dei\u201d.[\/vc_column_text][\/vc_column][\/vc_row]<\/p>\n","protected":false},"excerpt":{"rendered":"<p>[vc_row type=&#8221;vc_default&#8221; full_width=&#8221;stretch_row&#8221; gap=&#8221;35&#8243; css=&#8221;.vc_custom_1563279037468{padding-top: 80px !important;padding-bottom: 80px !important;background-color: #f6f6f6 !important;}&#8221;][vc_column offset=&#8221;vc_col-lg-offset-1 vc_col-lg-10 vc_col-md-offset-1 vc_col-md-10 vc_col-xs-12&#8243;][vc_column_text] Terzetto Printemps &#8220;Un, due, tre&#8230; Rossini!!!&#8221; Mercoled\u00ec 01 settembre 2021 Duomo di Salerno \/ ore 21.00 Paola Cacciatori \/ mezzosoprano Allan Rizzetti \/ baritono Fabio Silvestro \/ pianoforte Programma L\u2019italiana in Algeri (1813) Ouverture (solo piano) \u201cCruda sorte\u201d (mezzosoprano)&hellip;<\/p>\n","protected":false},"author":1,"featured_media":0,"parent":0,"menu_order":0,"comment_status":"closed","ping_status":"closed","template":"","meta":[],"class_list":["post-171","page","type-page","status-publish","hentry","description-off"],"_links":{"self":[{"href":"http:\/\/www.irnofestival.it\/XXIII\/wp-json\/wp\/v2\/pages\/171","targetHints":{"allow":["GET"]}}],"collection":[{"href":"http:\/\/www.irnofestival.it\/XXIII\/wp-json\/wp\/v2\/pages"}],"about":[{"href":"http:\/\/www.irnofestival.it\/XXIII\/wp-json\/wp\/v2\/types\/page"}],"author":[{"embeddable":true,"href":"http:\/\/www.irnofestival.it\/XXIII\/wp-json\/wp\/v2\/users\/1"}],"replies":[{"embeddable":true,"href":"http:\/\/www.irnofestival.it\/XXIII\/wp-json\/wp\/v2\/comments?post=171"}],"version-history":[{"count":4,"href":"http:\/\/www.irnofestival.it\/XXIII\/wp-json\/wp\/v2\/pages\/171\/revisions"}],"predecessor-version":[{"id":262,"href":"http:\/\/www.irnofestival.it\/XXIII\/wp-json\/wp\/v2\/pages\/171\/revisions\/262"}],"wp:attachment":[{"href":"http:\/\/www.irnofestival.it\/XXIII\/wp-json\/wp\/v2\/media?parent=171"}],"curies":[{"name":"wp","href":"https:\/\/api.w.org\/{rel}","templated":true}]}}